{"id":3,"date":"2025-05-06T17:36:52","date_gmt":"2025-05-06T17:36:45","guid":{"rendered":"https:\/\/moorebase.wpenginepowered.com\/?page_id=3"},"modified":"2026-03-31T17:03:21","modified_gmt":"2026-03-31T17:03:21","slug":"privacy-policy","status":"publish","type":"page","link":"https:\/\/www.mooresweden.se\/en\/privacy-policy\/","title":{"rendered":"Privacy policy"},"content":{"rendered":"<p><strong>MOORE Sweden \u2013 Processing of Personal Data<\/strong><\/p>\n\n\n\n<p>MOORE Sweden and its network firms will process personal data in accordance with applicable law. The personal data that will be processed is obtained from the client, its group companies (where applicable), or other sources, such as the Swedish Tax Agency, the Swedish Companies Registration Office, or publicly available sources, and relates to authorized representatives and other individuals whose personal data is required to manage the client relationship, as well as beneficial owners.<\/p>\n\n\n\n<p>Personal data is processed prior to the acceptance of clients and\/or engagements and in connection with the performance of the engagement in order to carry out independence checks, quality controls, conflict of interest checks, measures pursuant to the Swedish Act (2017:630) on measures against money laundering and terrorist financing (\u201cthe Anti-Money Laundering Act\u201d), as well as to document measures taken. Such processing is necessary to comply with the legal obligations imposed on MOORE Sweden or an auditor within MOORE Sweden who has undertaken to perform the engagement.&nbsp;<\/p>\n\n\n\n<p>MOORE Sweden may also process personal data for other risk management purposes (such as insurance matters) and for internal financial reporting. This processing is necessary for MOORE Sweden\u2019s legitimate interest in managing risks and potential claims.\n\nThe categories of personal data that may be processed for the above purposes include, among others, contact details such as name, address, personal identity number\/co-ordination number, telephone number, email address, as well as information regarding departmental affiliation and position. In connection with client registration, MOORE Sweden may also process copies of identity documents for individuals representing the client within the framework of customer due diligence measures required under the Anti-Money Laundering Act.\nMOORE Sweden may also process personal data such as name, department, position and email address in order to provide information about seminars and other events organized by MOORE Sweden and its firms, as well as to send newsletters and other marketing materials. Processing for these purposes is necessary for MOORE Sweden\u2019s legitimate interest in reaching employees of clients who may be interested in events, marketing and news relevant to their roles.&nbsp;<\/p>\n\n\n\n<p><strong>Transfers to Third Countries<\/strong><\/p>\n\n\n\n<p>Personal data may be processed by MOORE Sweden\u2019s network firms and other parties engaged by MOORE Sweden for the purpose of carrying out the measures described above on behalf of MOORE Sweden; such parties may be located both within and outside the EU\/EEA. When personal data is transferred for processing to a country outside the EU\/EEA that does not ensure an adequate level of protection, MOORE Sweden is responsible for ensuring that appropriate safeguards are in place, for example through standard data protection clauses adopted by the European Commission in accordance with Article 46 of the General Data Protection Regulation, provided that enforceable data subject rights and effective legal remedies are available.&nbsp;<\/p>\n\n\n\n<p><strong>Recipients of the Information<\/strong><\/p>\n\n\n\n<p>MOORE Sweden and its network firms are obligated to ensure that information processed in connection with an engagement is not made available to unauthorized parties, which means that personal data will be treated confidentially.&nbsp;<\/p>\n\n\n\n<p>MOORE Sweden may disclose personal data to network firms or other parties engaged by MOORE Sweden for the purpose of monitoring and maintaining MOORE Sweden\u2019s objectivity and independence, performing quality controls and other risk management measures, and for distributing invitations to events and other marketing materials. MOORE Sweden may also disclose personal data to insurance companies or legal advisors in connection with legal proceedings to the extent required for MOORE Sweden and its network firms to safeguard their legitimate interests, or to other recipients where such disclosure is required by applicable laws and regulations, professional obligations or decisions by authorities.<\/p>\n\n\n\n<p><strong>Security of Personal Data Processing<\/strong><\/p>\n\n\n\n<p>MOORE Sweden is responsible, in accordance with applicable law, for ensuring that personal data is protected through appropriate technical and organizational security measures, taking into account the nature and sensitivity of the personal data. MOORE Sweden\u2019s systems and organization are structured so that unauthorized persons do not have access to personal data processed in connection with an engagement.&nbsp;<\/p>\n\n\n\n<p><strong>Retention of Personal Data<\/strong><\/p>\n\n\n\n<p>Personal data will not be processed for longer than is necessary for the purposes for which it is processed.&nbsp;<\/p>\n\n\n\n<p><strong>Rights of Data Subjects<\/strong><\/p>\n\n\n\n<p>In certain cases, data subjects have the right to request information as to whether personal data relating to them is being processed and, if so, to obtain access to such personal data in the form of an extract from the register. Data subjects also generally have the right to have inaccurate personal data corrected. Furthermore, data subjects may have the right to have their personal data erased, to request restriction of processing, or to object to such processing. Data subjects also have the right to lodge a complaint with a supervisory authority regarding the processing.&nbsp;<\/p>\n\n\n\n<p>With regard to personal data processed in connection with client acceptance and engagements, as well as during the performance of engagements, MOORE Sweden and its network firms are required to retain documentation for at least ten years. This means that it is not permitted to delete personal data included in such documentation before that time, and in some cases it is not permitted to correct the data either. For these reasons, MOORE Sweden is not able, in such cases, to restrict or limit the processing of personal data upon request from a data subject.\n\nHowever, with regard to MOORE Sweden\u2019s processing of personal data for marketing purposes, data subjects have the right to request deletion, correction, restriction and to object to such processing.&nbsp;<\/p>\n\n\n\n<p><strong>Kontaktperson vid fr\u00e5gor:<\/strong><\/p>\n\n\n\n<p>Kajsa Larsson<\/p>\n\n\n\n<p>031-722 42 00<br>&nbsp;Comment: These are available at https:\/\/ec.europa.eu\/info\/law\/law-topic\/data-protection\/data-transfers-outside-eu\/model-contracts-transfer-personal-data-third-countries_en <a href=\"https:\/\/ec.europa.eu\/info\/law\/law-topic\/data-protection\/data-transfers-outside-eu\/model-contracts-transfer-personal-data-third-countries_en\">https:\/\/ec.europa.eu\/info\/law\/law-topic\/data-protection\/data-transfers-outside-eu\/model-contracts-transfer-personal-data-third-countries_en<\/a><\/p>","protected":false},"excerpt":{"rendered":"<p>MOORE Sweden &#8211; Behandling av personuppgifter MOORE Sweden med dess n\u00e4tverksbyr\u00e5er kommer att behandla personuppgifter enligt g\u00e4llande r\u00e4tt. De personuppgifter som kommer att behandlas erh\u00e5lls fr\u00e5n kunden, dess koncernbolag (om till\u00e4mpligt), eller annan, t.ex. Skatteverket, Bolagsverket eller allm\u00e4nt tillg\u00e4ngliga k\u00e4llor och avser beh\u00f6riga f\u00f6retr\u00e4dare och andra personer vars personuppgifter beh\u00f6vs f\u00f6r att hantera kundrelationen samt [&hellip;]<\/p>\n","protected":false},"author":1,"featured_media":0,"parent":0,"menu_order":6,"comment_status":"closed","ping_status":"open","template":"","meta":{"_acf_changed":false,"footnotes":""},"class_list":["post-3","page","type-page","status-publish","hentry"],"acf":[],"yoast_head":"<!-- This site is optimized with the Yoast SEO plugin v27.3 - https:\/\/yoast.com\/product\/yoast-seo-wordpress\/ -->\n<title>Integritetspolicy - Moore Ranby<\/title>\n<meta name=\"robots\" content=\"index, follow, max-snippet:-1, max-image-preview:large, max-video-preview:-1\" \/>\n<link rel=\"canonical\" href=\"https:\/\/www.mooresweden.se\/en\/privacy-policy\/\" \/>\n<meta property=\"og:locale\" content=\"en_GB\" \/>\n<meta property=\"og:type\" content=\"article\" \/>\n<meta property=\"og:title\" content=\"Integritetspolicy - Moore Ranby\" \/>\n<meta property=\"og:description\" content=\"MOORE Sweden &#8211; Behandling av personuppgifter MOORE Sweden med dess n\u00e4tverksbyr\u00e5er kommer att behandla personuppgifter enligt g\u00e4llande r\u00e4tt. De personuppgifter som kommer att behandlas erh\u00e5lls fr\u00e5n kunden, dess koncernbolag (om till\u00e4mpligt), eller annan, t.ex. Skatteverket, Bolagsverket eller allm\u00e4nt tillg\u00e4ngliga k\u00e4llor och avser beh\u00f6riga f\u00f6retr\u00e4dare och andra personer vars personuppgifter beh\u00f6vs f\u00f6r att hantera kundrelationen samt [&hellip;]\" \/>\n<meta property=\"og:url\" content=\"https:\/\/www.mooresweden.se\/en\/privacy-policy\/\" \/>\n<meta property=\"og:site_name\" content=\"Moore Ranby\" \/>\n<meta property=\"article:modified_time\" content=\"2026-03-31T17:03:21+00:00\" \/>\n<meta name=\"twitter:card\" content=\"summary_large_image\" \/>\n<meta name=\"twitter:label1\" content=\"Est. reading time\" \/>\n\t<meta name=\"twitter:data1\" content=\"4 minutes\" \/>\n<script type=\"application\/ld+json\" class=\"yoast-schema-graph\">{\"@context\":\"https:\\\/\\\/schema.org\",\"@graph\":[{\"@type\":\"WebPage\",\"@id\":\"https:\\\/\\\/www.mooresweden.se\\\/integritetspolicy\\\/\",\"url\":\"https:\\\/\\\/www.mooresweden.se\\\/integritetspolicy\\\/\",\"name\":\"Integritetspolicy - Moore Ranby\",\"isPartOf\":{\"@id\":\"https:\\\/\\\/www.mooresweden.se\\\/#website\"},\"datePublished\":\"2025-05-06T17:36:45+00:00\",\"dateModified\":\"2026-03-31T17:03:21+00:00\",\"breadcrumb\":{\"@id\":\"https:\\\/\\\/www.mooresweden.se\\\/integritetspolicy\\\/#breadcrumb\"},\"inLanguage\":\"en-GB\",\"potentialAction\":[{\"@type\":\"ReadAction\",\"target\":[\"https:\\\/\\\/www.mooresweden.se\\\/integritetspolicy\\\/\"]}]},{\"@type\":\"BreadcrumbList\",\"@id\":\"https:\\\/\\\/www.mooresweden.se\\\/integritetspolicy\\\/#breadcrumb\",\"itemListElement\":[{\"@type\":\"ListItem\",\"position\":1,\"name\":\"Home\",\"item\":\"https:\\\/\\\/www.mooresweden.se\\\/\"},{\"@type\":\"ListItem\",\"position\":2,\"name\":\"Integritetspolicy\"}]},{\"@type\":\"WebSite\",\"@id\":\"https:\\\/\\\/www.mooresweden.se\\\/#website\",\"url\":\"https:\\\/\\\/www.mooresweden.se\\\/\",\"name\":\"Moore Ranby\",\"description\":\"\",\"potentialAction\":[{\"@type\":\"SearchAction\",\"target\":{\"@type\":\"EntryPoint\",\"urlTemplate\":\"https:\\\/\\\/www.mooresweden.se\\\/?s={search_term_string}\"},\"query-input\":{\"@type\":\"PropertyValueSpecification\",\"valueRequired\":true,\"valueName\":\"search_term_string\"}}],\"inLanguage\":\"en-GB\"}]}<\/script>\n<!-- \/ Yoast SEO plugin. -->","yoast_head_json":{"title":"Privacy policy - Moore Ranby","robots":{"index":"index","follow":"follow","max-snippet":"max-snippet:-1","max-image-preview":"max-image-preview:large","max-video-preview":"max-video-preview:-1"},"canonical":"https:\/\/www.mooresweden.se\/en\/privacy-policy\/","og_locale":"en_GB","og_type":"article","og_title":"Integritetspolicy - Moore Ranby","og_description":"MOORE Sweden &#8211; Behandling av personuppgifter MOORE Sweden med dess n\u00e4tverksbyr\u00e5er kommer att behandla personuppgifter enligt g\u00e4llande r\u00e4tt. De personuppgifter som kommer att behandlas erh\u00e5lls fr\u00e5n kunden, dess koncernbolag (om till\u00e4mpligt), eller annan, t.ex. Skatteverket, Bolagsverket eller allm\u00e4nt tillg\u00e4ngliga k\u00e4llor och avser beh\u00f6riga f\u00f6retr\u00e4dare och andra personer vars personuppgifter beh\u00f6vs f\u00f6r att hantera kundrelationen samt [&hellip;]","og_url":"https:\/\/www.mooresweden.se\/en\/privacy-policy\/","og_site_name":"Moore Ranby","article_modified_time":"2026-03-31T17:03:21+00:00","twitter_card":"summary_large_image","twitter_misc":{"Est. reading time":"4 minutes"},"schema":{"@context":"https:\/\/schema.org","@graph":[{"@type":"WebPage","@id":"https:\/\/www.mooresweden.se\/integritetspolicy\/","url":"https:\/\/www.mooresweden.se\/integritetspolicy\/","name":"Privacy policy - Moore Ranby","isPartOf":{"@id":"https:\/\/www.mooresweden.se\/#website"},"datePublished":"2025-05-06T17:36:45+00:00","dateModified":"2026-03-31T17:03:21+00:00","breadcrumb":{"@id":"https:\/\/www.mooresweden.se\/integritetspolicy\/#breadcrumb"},"inLanguage":"en-GB","potentialAction":[{"@type":"ReadAction","target":["https:\/\/www.mooresweden.se\/integritetspolicy\/"]}]},{"@type":"BreadcrumbList","@id":"https:\/\/www.mooresweden.se\/integritetspolicy\/#breadcrumb","itemListElement":[{"@type":"ListItem","position":1,"name":"Home","item":"https:\/\/www.mooresweden.se\/"},{"@type":"ListItem","position":2,"name":"Integritetspolicy"}]},{"@type":"WebSite","@id":"https:\/\/www.mooresweden.se\/#website","url":"https:\/\/www.mooresweden.se\/","name":"Ranby Moore","description":"","potentialAction":[{"@type":"SearchAction","target":{"@type":"EntryPoint","urlTemplate":"https:\/\/www.mooresweden.se\/?s={search_term_string}"},"query-input":{"@type":"PropertyValueSpecification","valueRequired":true,"valueName":"search_term_string"}}],"inLanguage":"en-GB"}]}},"_links":{"self":[{"href":"https:\/\/www.mooresweden.se\/en\/wp-json\/wp\/v2\/pages\/3","targetHints":{"allow":["GET"]}}],"collection":[{"href":"https:\/\/www.mooresweden.se\/en\/wp-json\/wp\/v2\/pages"}],"about":[{"href":"https:\/\/www.mooresweden.se\/en\/wp-json\/wp\/v2\/types\/page"}],"author":[{"embeddable":true,"href":"https:\/\/www.mooresweden.se\/en\/wp-json\/wp\/v2\/users\/1"}],"replies":[{"embeddable":true,"href":"https:\/\/www.mooresweden.se\/en\/wp-json\/wp\/v2\/comments?post=3"}],"version-history":[{"count":0,"href":"https:\/\/www.mooresweden.se\/en\/wp-json\/wp\/v2\/pages\/3\/revisions"}],"wp:attachment":[{"href":"https:\/\/www.mooresweden.se\/en\/wp-json\/wp\/v2\/media?parent=3"}],"curies":[{"name":"wp","href":"https:\/\/api.w.org\/{rel}","templated":true}]}}