{"id":82,"date":"2025-05-08T13:19:52","date_gmt":"2025-05-08T13:19:30","guid":{"rendered":"https:\/\/moorebase.wpenginepowered.com\/?page_id=82"},"modified":"2026-03-17T16:03:14","modified_gmt":"2026-03-17T16:03:14","slug":"about","status":"publish","type":"page","link":"https:\/\/www.mooresweden.se\/en\/about\/","title":{"rendered":"About us"},"content":{"rendered":"<style id=\"strategiq-hero-style\">@media (min-width: 992px){.block-hero{margin-left:83px}}.block-hero .position-relative:has(.hero__svg){overflow:hidden}.block-hero .hero__svg{z-index:1;-webkit-transform:translateX(100%);transform:translateX(100%);opacity:0;-webkit-animation:heroSvgFadeIn 1s ease-out forwards;animation:heroSvgFadeIn 1s ease-out forwards;-webkit-animation-delay:0.3s;animation-delay:0.3s}.block-hero .hero__svg-left{position:absolute;left:0;top:0;height:100%;-webkit-transform:translateX(100%);transform:translateX(100%);opacity:0;-webkit-animation:heroSvgFadeInReverse 2s cubic-bezier(0.25, 0.1, 0.05, 1) forwards;animation:heroSvgFadeInReverse 2s cubic-bezier(0.25, 0.1, 0.05, 1) forwards;-webkit-animation-delay:0.3s;animation-delay:0.3s}.block-hero .hero__svg-right{position:absolute;right:0;top:0;height:100%;-webkit-transform:translateX(-100%);transform:translateX(-100%);opacity:0;-webkit-animation:heroSvgFadeIn 2s cubic-bezier(0.25, 0.1, 0.05, 1) forwards;animation:heroSvgFadeIn 2s cubic-bezier(0.25, 0.1, 0.05, 1) forwards;-webkit-animation-delay:1s;animation-delay:1s}@-webkit-keyframes heroSvgFadeIn{0%{opacity:0;-webkit-transform:translateX(100%);transform:translateX(100%)}100%{opacity:1;-webkit-transform:translateX(0);transform:translateX(0)}}@keyframes heroSvgFadeIn{0%{opacity:0;-webkit-transform:translateX(100%);transform:translateX(100%)}100%{opacity:1;-webkit-transform:translateX(0);transform:translateX(0)}}@-webkit-keyframes heroSvgFadeInReverse{0%{opacity:0;-webkit-transform:translateX(-100%);transform:translateX(-100%)}100%{opacity:1;-webkit-transform:translateX(0);transform:translateX(0)}}@keyframes heroSvgFadeInReverse{0%{opacity:0;-webkit-transform:translateX(-100%);transform:translateX(-100%)}100%{opacity:1;-webkit-transform:translateX(0);transform:translateX(0)}}.block-hero--large{margin-left:0}.block-hero--large .hero{background:transparent}.block-hero--large.has-secondary-background-color .hero__content-wrapper{background-color:#5C0696}.block-hero--large.has-primary-background-color .hero__content-wrapper{background-color:#02212E}.block-hero--large.has-prussian-blue-background-color{background-color:transparent !important}.block-hero--large.has-prussian-blue-background-color .hero__content-wrapper{background:#004C6C}.block-hero--large.has-primary-gradient-gradient-background{background:transparent !important}.block-hero--large.has-primary-gradient-gradient-background .hero__content-wrapper{background:var(--primary-gradient)}.block-hero--large.has-secondary-gradient-gradient-background{background:transparent !important}.block-hero--large.has-secondary-gradient-gradient-background .hero__content-wrapper{background:var(--secondary-gradient)}.block-hero--large.has-tertiary-gradient-gradient-background{background:transparent !important}.block-hero--large.has-tertiary-gradient-gradient-background .hero__content-wrapper{background:var(--tertiary-gradient)}@media (min-width: 992px){.block-hero--heading-above-image{border-left:1px solid #D9D9D9;margin-right:83px}}.block-hero--heading-above-image .hero{min-height:410px}@media (min-width: 768px){.block-hero--heading-above-image .hero{min-height:570px}}.block-hero--heading-above-image .hero--call-to-action{-webkit-box-pack:end;-ms-flex-pack:end;justify-content:flex-end}@media (min-width: 992px){.block-hero--heading-above-image .hero--call-to-action{padding-right:0}}.block-hero.has-secondary-background-color{background-color:transparent !important}.block-hero.has-secondary-background-color .hero{background:#5C0696}.block-hero.has-white-background-color .hero{background:#fff}.block-hero.has-white-background-color .hero__title,.block-hero.has-white-background-color .hero__content p{color:#000}.block-hero.has-light-blue-background-color .hero{background:#eaf7fe}.block-hero.has-light-blue-background-color .hero__title,.block-hero.has-light-blue-background-color .hero__content p{color:#000}.block-hero.has-primary-background-color .hero{background:#02212E}.block-hero.has-prussian-blue-background-color{background-color:transparent !important}.block-hero.has-prussian-blue-background-color .hero{background:#004C6C}.block-hero.has-primary-gradient-gradient-background{background:transparent !important}.block-hero.has-primary-gradient-gradient-background .hero{background:var(--primary-gradient)}.block-hero.has-secondary-gradient-gradient-background{background:transparent !important}.block-hero.has-secondary-gradient-gradient-background .hero{background:var(--secondary-gradient)}.block-hero.has-tertiary-gradient-gradient-background{background:transparent !important}.block-hero.has-tertiary-gradient-gradient-background .hero{background:var(--tertiary-gradient)}\n\n\/*# sourceMappingURL=block-hero.css.map *\/\n<\/style>\n<section class=\"wp-block-strategiq block-hero block-hero block-hero--default wp-block-strategiq-hero\">\n\t\n\n<div class=\"hero hero--default hero--call-to-action\">\n\t\t\t<div class=\"hero__overlay\"><\/div>\n\t\n\t<div class=\"container-fluid\">\n\t\t<div class=\"row\">\n\t\t\t<div class=\"col-12  p-0\">\n\t\t\t\t\t\t\t\t\t<picture class=\"hero__image behave-as-bg--cover behave-as-bg--center-center behave-as-bg\"><source media=\"(min-width: 1200px)\" srcset=\"https:\/\/www.mooresweden.se\/wp-content\/uploads\/sites\/5\/bis-images\/618\/microphone-3484199-1920x900-f50_50.jpg 1.000x,https:\/\/www.mooresweden.se\/wp-content\/uploads\/sites\/5\/bis-images\/618\/microphone-3484199-2000x937-f50_50.jpg 1.042x\"><source media=\"(min-width: 992px)\" srcset=\"https:\/\/www.mooresweden.se\/wp-content\/uploads\/sites\/5\/bis-images\/618\/microphone-3484199-1600x900.jpg 1.000x,https:\/\/www.mooresweden.se\/wp-content\/uploads\/sites\/5\/bis-images\/618\/microphone-3484199-3200x1800.jpg 2.000x\"><source media=\"(min-width: 0px)\" srcset=\"https:\/\/www.mooresweden.se\/wp-content\/uploads\/sites\/5\/bis-images\/618\/microphone-3484199-800x800.jpg 1.000x,https:\/\/www.mooresweden.se\/wp-content\/uploads\/sites\/5\/bis-images\/618\/microphone-3484199-1600x1600.jpg 2.000x\"><img decoding=\"async\" src=\"https:\/\/www.mooresweden.se\/wp-content\/uploads\/sites\/5\/bis-images\/618\/microphone-3484199-800x800.jpg\" srcset=\"https:\/\/www.mooresweden.se\/wp-content\/uploads\/sites\/5\/bis-images\/618\/microphone-3484199-800x800.jpg 1.000x,https:\/\/www.mooresweden.se\/wp-content\/uploads\/sites\/5\/bis-images\/618\/microphone-3484199-1600x1600.jpg 2.000x\" alt=\"About us\" width=\"800\" height=\"800\" class=\"\"><\/picture>\t\t\t\t\n\t\t\t\t\n\t\t\t\t\t\t\t\t\t<div class=\"hero__content-wrapper\">\n\t\t\t\t\t\t<div class=\"hero__content\">\n\t\t\t\t\t\t\t<h1 class='hero__title'>About us<\/h1>\t\t\t\t\t\t\t\t\t\t\t\t\t\t\t\t\t\t\t\t<\/div>\n\t\t\t\t\t<\/div>\n\t\t\t\t\n\t\t\t<\/div>\n\n\t\t\t\t\t<\/div>\n\t<\/div>\n\n\t\t\t<div class=\"hero__call-to-action\">\n\t\t\t\t\t\t\t\t<a href=\"https:\/\/www.mooresweden.se\/en\/get-in-touch\/\" class=\"btn btn--primary btn--solid\" target=\"\">\n\t\t\t\t\t\tContact Us\t\t\t\t\t<\/a>\n\t\t\t\t\t\t\t\t\t\t\t\t<a href=\"https:\/\/www.mooresweden.se\/en\/prenumerationsforfragan\/\" class=\"btn btn--secondary btn--hollow\" target=\"\">\n\t\t\t\t\t\tPrenumerera P\u00e5 V\u00e5ra Nyhetsbrev\t\t\t\t\t<\/a>\n\t\t\t\t\t\t\t\t\t<\/div>\n\t<\/div>\n<\/section>\n\n\n\n<p><\/p>\n\n\n<style id=\"strategiq-two-column-style\">.block-two-column{padding:40px 0 20px}.single-firm .block-two-column{padding-bottom:1.875rem}@media (min-width: 768px){.block-two-column{padding:0}}@media (min-width: 768px){.block-two-column .content-offset-right{padding-right:0}}@media (min-width: 992px){.block-two-column .content-offset-right{padding-right:calc(8.33333% + 24px)}}.block-two-column img{width:100%}.block-two-column__content{color:var(--text-color)}.block-two-column__content p:last-of-type{margin-bottom:0}.block-two-column__list-content{margin-bottom:2.5rem}.block-two-column__list-heading{margin-bottom:8px;font-size:20px;font-weight:500}.block-two-column__list li p:last-of-type{margin-bottom:0}.block-two-column__list ul:first-of-type,.block-two-column__list ol:first-of-type{margin-top:0}.block-two-column__list ul:first-of-type li:first-of-type,.block-two-column__list ol:first-of-type li:first-of-type{margin-top:0}.block-two-column__list>p+ul:first-of-type,.block-two-column__list>p+ol:first-of-type{margin-top:1rem}.block-two-column__list>p+ul:first-of-type li:first-of-type,.block-two-column__list>p+ol:first-of-type li:first-of-type{margin-top:24px}.block-two-column__content.position-sticky,.block-two-column__list.position-sticky,.block-two-column__image-container.position-sticky{top:calc(var(--site-header-height) + 1rem)}.block-two-column__content,.block-two-column__image,.block-two-column__list{padding:12px 0}@media (min-width: 768px){.block-two-column__content,.block-two-column__image,.block-two-column__list{padding:2.5rem 1rem}}@media (min-width: 992px){.block-two-column__content,.block-two-column__image,.block-two-column__list{padding:5rem 0 3.75rem 0}}\n\n\/*# sourceMappingURL=block-two-column.css.map *\/\n<\/style>\n<section class=\"wp-block-strategiq block-two-column wp-block-strategiq-two-column\">\n\t<div class=\"container\">\n\t\t\t\t<div class=\"row align-items-center\">\n\t\t\t\t\t\t\t<div class=\"col-12 col-md-6 col-lg-5 offset-lg-1\">\n\t\t\t\t\t\t\t\t\t\t\t<div class=\"block-two-column__image-container\">\n\t\t\t\t\t\t\t<picture class=\"block-two-column__image\"><source media=\"(min-width: 0px)\" loading=\"lazy\" srcset=\"https:\/\/www.mooresweden.se\/wp-content\/uploads\/sites\/5\/bis-images\/643\/careers-page-590x395-f50_50.png 1.000x,https:\/\/www.mooresweden.se\/wp-content\/uploads\/sites\/5\/bis-images\/643\/careers-page-1180x790-f50_50.png 2.000x\"><img decoding=\"async\" loading=\"lazy\" src=\"https:\/\/www.mooresweden.se\/wp-content\/uploads\/sites\/5\/bis-images\/643\/careers-page-590x395-f50_50.png\" srcset=\"https:\/\/www.mooresweden.se\/wp-content\/uploads\/sites\/5\/bis-images\/643\/careers-page-590x395-f50_50.png 1.000x,https:\/\/www.mooresweden.se\/wp-content\/uploads\/sites\/5\/bis-images\/643\/careers-page-1180x790-f50_50.png 2.000x\" alt=\"About us\" width=\"590\" height=\"395\" class=\"\"><\/picture>\t\t\t\t\t\t<\/div>\n\t\t\t\t\t\t\t\t\t<\/div>\n\t\t\t\t\t\t\t<div class=\"col-12 col-md-6 col-lg-5 offset-lg-1\">\n\t\t\t\t\t\t\t\t\t\t\t<div class=\"block-two-column__content content-container\">\n\t\t\t\t\t\t\t\t\t\t\t\t\t\t\t<p><strong>MOORE \u00e4r bland de 10 st\u00f6rsta f\u00f6rs\u00e4ljningsm\u00e4ssigt, Sveriges i s\u00e4rklass yngsta varum\u00e4rke inom revisions- och konsultbranschen med fler \u00e4n 140 anst\u00e4llda och kontor i Stockholm, G\u00f6teborg och Malm\u00f6.<\/strong><\/p>\n<p>V\u00e5rt m\u00e5l \u00e4r kort och gott: att vara den prim\u00e4ra kontakten f\u00f6r alla \u00e4garledda f\u00f6retag i fr\u00e5gor som r\u00f6r revision, redovisning samt skatte- och aff\u00e4rsrelaterade fr\u00e5gor.<\/p>\n<p>MOORE \u00e4r en \u00e4garledd och utpr\u00e4glat entrepren\u00f6rsorienterad samt platt organisation med fokus p\u00e5 engagemang, personlig service och kvalitet.<\/p>\n<p>V\u00e5ra integrerade tj\u00e4nster \u00e4r utformade f\u00f6r att hj\u00e4lpa v\u00e5ra kunder att etablera, utveckla och hantera b\u00e5de sin f\u00f6retagsverksamhet och sina rent privata ekonomiska intressen.<\/p>\n<p>V\u00e5ra kunder str\u00e4cker sig fr\u00e5n privatpersoner och entrepren\u00f6rer till stora f\u00f6retag och organisationer med lokalt s\u00e5v\u00e4l som internationellt baserade verksamheter.<\/p>\n<p>MOORE i Sverige representeras av f\u00f6ljande oberoende revisions- och konsultbyr\u00e5er:<\/p>\n<p><a href=\"https:\/\/www.mooresweden.se\/en\/leases\/moore-stephens-allegretto-ab\/\">MOORE Allegretto AB<\/a><br \/>\n<a href=\"https:\/\/www.mooresweden.se\/en\/leases\/moore-stephens-kln-ab\/\">MOORE KLN AB<\/a><br \/>\n<a href=\"https:\/\/www.mooresweden.se\/en\/leases\/moore-stephens-malmo-ab\/\">MOORE Malm\u00f6 AB<\/a><br \/>\n<a href=\"https:\/\/www.mooresweden.se\/en\/leases\/moore-stephens-ranby-ab\/\">MOORE Ranby AB<\/a><\/p>\n\t\t\t\t\t\t\t\t\t\t\t\t\t<\/div>\n\t\t\t\t\t\t\t\t\t<\/div>\n\t\t\t\t\t<\/div>\n\t<\/div>\n<\/section>\n\n\n<section class=\"wp-block-strategiq block-two-column wp-block-strategiq-two-column\">\n\t<div class=\"container\">\n\t\t\t\t<div class=\"row align-items-center\">\n\t\t\t\t\t\t\t<div class=\"col-12 col-md-6 col-lg-5 offset-lg-1\">\n\t\t\t\t\t\t\t\t\t\t\t<div class=\"block-two-column__content content-container\">\n\t\t\t\t\t\t\t\t\t\t\t\t\t\t\t<h2>MOORE Globalt<\/h2>\n<p>&nbsp;<\/p>\n<p><a href=\"http:\/\/www.moorestephens.com\/\">MOORE Global<\/a>, som har sitt ursprung i London (Storbritannien) och vars n\u00e4tverk b\u00f6rjade formas f\u00f6r mer \u00e4n 100 \u00e5r sedan, har nu sitt huvudkontor i Bryssel och har idag \u00f6ver 600 kontor och mer \u00e4n 30 000 anst\u00e4llda i \u00f6ver 100 l\u00e4nder. Detta g\u00f6r MOORE till v\u00e4rldens elfte st\u00f6rsta leverant\u00f6r av revisions- och konsulttj\u00e4nster.<\/p>\n<p>Genom att kombinera lokal expertis och erfarenhet med bredden i v\u00e5ra globala n\u00e4tverk kan kunderna vara s\u00e4kra p\u00e5 att MOORE, oavsett deras behov, tillhandah\u00e5ller r\u00e4tt l\u00f6sning f\u00f6r deras lokala, nationella och internationella behov.<\/p>\n\t\t\t\t\t\t\t\t\t\t\t\t\t<\/div>\n\t\t\t\t\t\t\t\t\t<\/div>\n\t\t\t\t\t\t\t<div class=\"col-12 col-md-6 content-offset-right\">\n\t\t\t\t\t\t\t\t\t\t\t<div class=\"block-two-column__image-container\">\n\t\t\t\t\t\t\t<picture class=\"block-two-column__image\"><source media=\"(min-width: 0px)\" loading=\"lazy\" srcset=\"https:\/\/www.mooresweden.se\/wp-content\/uploads\/sites\/5\/bis-images\/627\/flag-2786733-590x395-f50_50.jpg 1.000x,https:\/\/www.mooresweden.se\/wp-content\/uploads\/sites\/5\/bis-images\/627\/flag-2786733-1180x790-f50_50.jpg 2.000x\"><img decoding=\"async\" loading=\"lazy\" src=\"https:\/\/www.mooresweden.se\/wp-content\/uploads\/sites\/5\/bis-images\/627\/flag-2786733-590x395-f50_50.jpg\" srcset=\"https:\/\/www.mooresweden.se\/wp-content\/uploads\/sites\/5\/bis-images\/627\/flag-2786733-590x395-f50_50.jpg 1.000x,https:\/\/www.mooresweden.se\/wp-content\/uploads\/sites\/5\/bis-images\/627\/flag-2786733-1180x790-f50_50.jpg 2.000x\" alt=\"About us\" width=\"590\" height=\"395\" class=\"\"><\/picture>\t\t\t\t\t\t<\/div>\n\t\t\t\t\t\t\t\t\t<\/div>\n\t\t\t\t\t<\/div>\n\t<\/div>\n<\/section>\n\n\n<p><\/p>","protected":false},"excerpt":{"rendered":"","protected":false},"author":3,"featured_media":0,"parent":0,"menu_order":7,"comment_status":"closed","ping_status":"closed","template":"","meta":{"_acf_changed":true,"footnotes":""},"class_list":["post-82","page","type-page","status-publish","hentry"],"acf":[],"yoast_head":"<!-- This site is optimized with the Yoast SEO plugin v27.3 - https:\/\/yoast.com\/product\/yoast-seo-wordpress\/ -->\n<title>Om oss - Moore Ranby<\/title>\n<meta name=\"robots\" content=\"index, follow, max-snippet:-1, max-image-preview:large, max-video-preview:-1\" \/>\n<link rel=\"canonical\" href=\"https:\/\/www.mooresweden.se\/en\/about\/\" \/>\n<meta property=\"og:locale\" content=\"en_GB\" \/>\n<meta property=\"og:type\" content=\"article\" \/>\n<meta property=\"og:title\" content=\"Om oss - Moore Ranby\" \/>\n<meta property=\"og:url\" content=\"https:\/\/www.mooresweden.se\/en\/about\/\" \/>\n<meta property=\"og:site_name\" content=\"Moore Ranby\" \/>\n<meta property=\"article:modified_time\" content=\"2026-03-17T16:03:14+00:00\" \/>\n<meta name=\"twitter:card\" content=\"summary_large_image\" \/>\n<script type=\"application\/ld+json\" class=\"yoast-schema-graph\">{\"@context\":\"https:\\\/\\\/schema.org\",\"@graph\":[{\"@type\":\"WebPage\",\"@id\":\"https:\\\/\\\/www.mooresweden.se\\\/about\\\/\",\"url\":\"https:\\\/\\\/www.mooresweden.se\\\/about\\\/\",\"name\":\"Om oss - Moore Ranby\",\"isPartOf\":{\"@id\":\"https:\\\/\\\/www.mooresweden.se\\\/#website\"},\"datePublished\":\"2025-05-08T13:19:30+00:00\",\"dateModified\":\"2026-03-17T16:03:14+00:00\",\"breadcrumb\":{\"@id\":\"https:\\\/\\\/www.mooresweden.se\\\/about\\\/#breadcrumb\"},\"inLanguage\":\"en-GB\",\"potentialAction\":[{\"@type\":\"ReadAction\",\"target\":[\"https:\\\/\\\/www.mooresweden.se\\\/about\\\/\"]}]},{\"@type\":\"BreadcrumbList\",\"@id\":\"https:\\\/\\\/www.mooresweden.se\\\/about\\\/#breadcrumb\",\"itemListElement\":[{\"@type\":\"ListItem\",\"position\":1,\"name\":\"Home\",\"item\":\"https:\\\/\\\/www.mooresweden.se\\\/\"},{\"@type\":\"ListItem\",\"position\":2,\"name\":\"Om oss\"}]},{\"@type\":\"WebSite\",\"@id\":\"https:\\\/\\\/www.mooresweden.se\\\/#website\",\"url\":\"https:\\\/\\\/www.mooresweden.se\\\/\",\"name\":\"Moore Ranby\",\"description\":\"\",\"potentialAction\":[{\"@type\":\"SearchAction\",\"target\":{\"@type\":\"EntryPoint\",\"urlTemplate\":\"https:\\\/\\\/www.mooresweden.se\\\/?s={search_term_string}\"},\"query-input\":{\"@type\":\"PropertyValueSpecification\",\"valueRequired\":true,\"valueName\":\"search_term_string\"}}],\"inLanguage\":\"en-GB\"}]}<\/script>\n<!-- \/ Yoast SEO plugin. -->","yoast_head_json":{"title":"Om oss - Moore Ranby","robots":{"index":"index","follow":"follow","max-snippet":"max-snippet:-1","max-image-preview":"max-image-preview:large","max-video-preview":"max-video-preview:-1"},"canonical":"https:\/\/www.mooresweden.se\/en\/about\/","og_locale":"en_GB","og_type":"article","og_title":"Om oss - Moore Ranby","og_url":"https:\/\/www.mooresweden.se\/en\/about\/","og_site_name":"Moore Ranby","article_modified_time":"2026-03-17T16:03:14+00:00","twitter_card":"summary_large_image","schema":{"@context":"https:\/\/schema.org","@graph":[{"@type":"WebPage","@id":"https:\/\/www.mooresweden.se\/about\/","url":"https:\/\/www.mooresweden.se\/about\/","name":"Om oss - Moore Ranby","isPartOf":{"@id":"https:\/\/www.mooresweden.se\/#website"},"datePublished":"2025-05-08T13:19:30+00:00","dateModified":"2026-03-17T16:03:14+00:00","breadcrumb":{"@id":"https:\/\/www.mooresweden.se\/about\/#breadcrumb"},"inLanguage":"en-GB","potentialAction":[{"@type":"ReadAction","target":["https:\/\/www.mooresweden.se\/about\/"]}]},{"@type":"BreadcrumbList","@id":"https:\/\/www.mooresweden.se\/about\/#breadcrumb","itemListElement":[{"@type":"ListItem","position":1,"name":"Home","item":"https:\/\/www.mooresweden.se\/"},{"@type":"ListItem","position":2,"name":"Om oss"}]},{"@type":"WebSite","@id":"https:\/\/www.mooresweden.se\/#website","url":"https:\/\/www.mooresweden.se\/","name":"Ranby Moore","description":"","potentialAction":[{"@type":"SearchAction","target":{"@type":"EntryPoint","urlTemplate":"https:\/\/www.mooresweden.se\/?s={search_term_string}"},"query-input":{"@type":"PropertyValueSpecification","valueRequired":true,"valueName":"search_term_string"}}],"inLanguage":"en-GB"}]}},"_links":{"self":[{"href":"https:\/\/www.mooresweden.se\/en\/wp-json\/wp\/v2\/pages\/82","targetHints":{"allow":["GET"]}}],"collection":[{"href":"https:\/\/www.mooresweden.se\/en\/wp-json\/wp\/v2\/pages"}],"about":[{"href":"https:\/\/www.mooresweden.se\/en\/wp-json\/wp\/v2\/types\/page"}],"author":[{"embeddable":true,"href":"https:\/\/www.mooresweden.se\/en\/wp-json\/wp\/v2\/users\/3"}],"replies":[{"embeddable":true,"href":"https:\/\/www.mooresweden.se\/en\/wp-json\/wp\/v2\/comments?post=82"}],"version-history":[{"count":0,"href":"https:\/\/www.mooresweden.se\/en\/wp-json\/wp\/v2\/pages\/82\/revisions"}],"wp:attachment":[{"href":"https:\/\/www.mooresweden.se\/en\/wp-json\/wp\/v2\/media?parent=82"}],"curies":[{"name":"wp","href":"https:\/\/api.w.org\/{rel}","templated":true}]}}